{"id":28605,"date":"2025-11-18T16:13:44","date_gmt":"2025-11-18T21:13:44","guid":{"rendered":"https:\/\/diabsolut.com\/?page_id=28605"},"modified":"2025-11-18T16:28:47","modified_gmt":"2025-11-18T21:28:47","slug":"oups","status":"publish","type":"page","link":"https:\/\/diabsolut.com\/fr\/oups\/","title":{"rendered":"On dirait que cette page a pris un mauvais tournant."},"content":{"rendered":"<section class=\"l-section wpb_row hide_on_tablets hide_on_mobiles height_small with_img parallax_ver parallaxdir_reversed\"><div class=\"l-section-img\" role=\"img\" aria-label=\"Road closed sign representing a 404 page not found.\" data-img-width=\"2560\" data-img-height=\"1024\" style=\"background-image: url(https:\/\/diabsolut.com\/wp-content\/uploads\/2025\/11\/Road-blue-scaled.jpg);\"><\/div><div class=\"l-section-h i-cf\"><div class=\"g-cols vc_row via_flex valign_top type_default stacking_default\"><div class=\"vc_col-sm-6 wpb_column vc_column_container\"><div class=\"vc_column-inner us_custom_47c52f27\"><div class=\"wpb_wrapper\">[vc_custom_heading text=\u00a0\u00bbCette page a pris un mauvais tournant.\u00a0\u00bb css=\u00a0\u00bb%7B%22default%22%3A%7B%22color%22%3A%22_header_middle_text%22%2C%22font-size%22%3A%2280px%22%2C%22line-height%22%3A%221%22%2C%22font-family%22%3A%22h6%22%2C%22font-weight%22%3A%22800%22%7D%2C%22laptops%22%3A%7B%22color%22%3A%22_header_middle_text%22%2C%22font-size%22%3A%2260px%22%2C%22line-height%22%3A%221%22%2C%22font-family%22%3A%22h6%22%2C%22font-weight%22%3A%22800%22%7D%2C%22tablets%22%3A%7B%22color%22%3A%22_header_middle_text%22%2C%22font-size%22%3A%2240px%22%2C%22line-height%22%3A%221%22%2C%22font-family%22%3A%22h6%22%2C%22font-weight%22%3A%22800%22%7D%2C%22mobiles%22%3A%7B%22color%22%3A%22_header_middle_text%22%2C%22font-size%22%3A%2240px%22%2C%22line-height%22%3A%221%22%2C%22font-family%22%3A%22h6%22%2C%22font-weight%22%3A%22800%22%7D%7D\u00a0\u00bb][vc_custom_heading text=\u00a0\u00bbLa bonne nouvelle : Diabsolut est tr\u00e8s dou\u00e9 pour remettre les choses sur les rails.\u00a0\u00bb css=\u00a0\u00bb%7B%22default%22%3A%7B%22color%22%3A%22_content_text%22%2C%22font-size%22%3A%2228px%22%2C%22line-height%22%3A%221.2%22%2C%22font-family%22%3A%22h6%22%2C%22font-weight%22%3A%22600%22%7D%7D\u00a0\u00bb]<div class=\"ult-spacer spacer-69df424f19e2b\" data-id=\"69df424f19e2b\" data-height=\"30\" data-height-mobile=\"30\" data-height-tab=\"30\" data-height-tab-portrait=\"\" data-height-mobile-landscape=\"\" style=\"clear:both;display:block;\"><\/div><div class=\"w-btn-wrapper align_left\"><a class=\"w-btn us-btn-style_13\" href=\"https:\/\/diabsolut.com\/?lang=fr\"><span class=\"w-btn-label\">Ramenez-moi \u00e0 la page d&rsquo;accueil \u2192<\/span><\/a><\/div><div class=\"ult-spacer spacer-69df424f1a069\" data-id=\"69df424f1a069\" data-height=\"30\" data-height-mobile=\"30\" data-height-tab=\"30\" data-height-tab-portrait=\"\" data-height-mobile-landscape=\"\" style=\"clear:both;display:block;\"><\/div><\/div><\/div><\/div><div class=\"vc_col-sm-6 wpb_column vc_column_container\"><div class=\"vc_column-inner\"><div class=\"wpb_wrapper\"><\/div><\/div><\/div><\/div><\/div><\/section><section class=\"l-section wpb_row hide_on_default hide_on_laptops height_small\"><div class=\"l-section-overlay\" style=\"background:#f5ffff\"><\/div><div class=\"l-section-h i-cf\"><div class=\"g-cols vc_row via_flex valign_top type_default stacking_default\"><div class=\"vc_col-sm-12 wpb_column vc_column_container\"><div class=\"vc_column-inner us_custom_47c52f27\"><div class=\"wpb_wrapper\"><div class=\"ult-spacer spacer-69df424f1aad7\" data-id=\"69df424f1aad7\" data-height=\"\" data-height-mobile=\"160\" data-height-tab=\"\" data-height-tab-portrait=\"\" data-height-mobile-landscape=\"160\" style=\"clear:both;display:block;\"><\/div>[vc_custom_heading text=\u00a0\u00bbCette page a pris un mauvais tournant.\u00a0\u00bb css=\u00a0\u00bb%7B%22default%22%3A%7B%22color%22%3A%22_header_middle_text%22%2C%22font-size%22%3A%2280px%22%2C%22line-height%22%3A%221%22%2C%22font-family%22%3A%22h6%22%2C%22font-weight%22%3A%22800%22%7D%2C%22laptops%22%3A%7B%22color%22%3A%22_header_middle_text%22%2C%22font-size%22%3A%2260px%22%2C%22line-height%22%3A%221%22%2C%22font-family%22%3A%22h6%22%2C%22font-weight%22%3A%22800%22%7D%2C%22tablets%22%3A%7B%22color%22%3A%22_header_middle_text%22%2C%22font-size%22%3A%2240px%22%2C%22line-height%22%3A%221%22%2C%22font-family%22%3A%22h6%22%2C%22font-weight%22%3A%22800%22%7D%2C%22mobiles%22%3A%7B%22color%22%3A%22_header_middle_text%22%2C%22font-size%22%3A%2240px%22%2C%22line-height%22%3A%221%22%2C%22font-family%22%3A%22h6%22%2C%22font-weight%22%3A%22800%22%7D%7D\u00a0\u00bb][vc_custom_heading text=\u00a0\u00bbLa bonne nouvelle : Diabsolut est tr\u00e8s dou\u00e9 pour remettre les choses sur les rails.\u00a0\u00bb css=\u00a0\u00bb%7B%22default%22%3A%7B%22color%22%3A%22_content_text%22%2C%22font-size%22%3A%2228px%22%2C%22line-height%22%3A%221.2%22%2C%22font-family%22%3A%22h6%22%2C%22font-weight%22%3A%22600%22%7D%7D\u00a0\u00bb]<div class=\"ult-spacer spacer-69df424f1ab22\" data-id=\"69df424f1ab22\" data-height=\"30\" data-height-mobile=\"30\" data-height-tab=\"30\" data-height-tab-portrait=\"\" data-height-mobile-landscape=\"\" style=\"clear:both;display:block;\"><\/div><div class=\"w-btn-wrapper align_left\"><a class=\"w-btn us-btn-style_13\" href=\"https:\/\/diabsolut.com\/?lang=fr\"><span class=\"w-btn-label\">Ramenez-moi \u00e0 la page d&rsquo;accueil \u2192<\/span><\/a><\/div><div class=\"ult-spacer spacer-69df424f1ace1\" data-id=\"69df424f1ace1\" data-height=\"30\" data-height-mobile=\"30\" data-height-tab=\"30\" data-height-tab-portrait=\"\" data-height-mobile-landscape=\"\" style=\"clear:both;display:block;\"><\/div><\/div><\/div><\/div><\/div><\/div><\/section><section class=\"l-section wpb_row height_large width_custom\" style=\"--site-content-width:1300px;\"><div class=\"l-section-h i-cf\"><div class=\"g-cols vc_row via_flex valign_top type_default stacking_default\"><div class=\"vc_col-sm-12 wpb_column vc_column_container\"><div class=\"vc_column-inner\"><div class=\"wpb_wrapper\">[vc_custom_heading text=\u00a0\u00bbInutile de rester ici. Vous avez mieux \u00e0 faire ailleurs.\u00a0\u00bb font_container=\u00a0\u00bbtag:h2|text_align:center\u00a0\u00bb css=\u00a0\u00bb%7B%22default%22%3A%7B%22color%22%3A%22_header_middle_text%22%2C%22font-size%22%3A%2240px%22%2C%22line-height%22%3A%221%22%2C%22font-family%22%3A%22h6%22%2C%22font-weight%22%3A%22800%22%7D%2C%22laptops%22%3A%7B%22color%22%3A%22_header_middle_text%22%2C%22font-size%22%3A%2250px%22%2C%22line-height%22%3A%221%22%2C%22font-family%22%3A%22h6%22%2C%22font-weight%22%3A%22800%22%7D%2C%22tablets%22%3A%7B%22color%22%3A%22_header_middle_text%22%2C%22font-size%22%3A%2240px%22%2C%22line-height%22%3A%221%22%2C%22font-family%22%3A%22h6%22%2C%22font-weight%22%3A%22800%22%7D%2C%22mobiles%22%3A%7B%22color%22%3A%22_header_middle_text%22%2C%22font-size%22%3A%2240px%22%2C%22line-height%22%3A%221%22%2C%22font-family%22%3A%22h6%22%2C%22font-weight%22%3A%22800%22%7D%7D\u00a0\u00bb]<div class=\"g-cols wpb_row via_flex valign_top type_default stacking_default\"><div class=\"vc_col-sm-4 wpb_column vc_column_container\"><div class=\"vc_column-inner\"><div class=\"wpb_wrapper\"><div class=\"wpb_text_column\"><div class=\"wpb_wrapper\"><p style=\"text-align: center;\"><span>Retournez \u00e0 la page d&rsquo;accueil et recommencez votre visite.<\/span><\/p>\n<\/div><\/div><div class=\"ult-spacer spacer-69df424f1bf30\" data-id=\"69df424f1bf30\" data-height=\"30\" data-height-mobile=\"30\" data-height-tab=\"30\" data-height-tab-portrait=\"\" data-height-mobile-landscape=\"\" style=\"clear:both;display:block;\"><\/div><div class=\"w-btn-wrapper align_center\"><a class=\"w-btn us-btn-style_9 us_custom_6c9a0c76\" href=\"https:\/\/diabsolut.com\/?lang=fr\"><span class=\"w-btn-label\">Ramenez-moi \u00e0 la page d&rsquo;accueil \u2192<\/span><\/a><\/div><\/div><\/div><\/div><div class=\"vc_col-sm-4 wpb_column vc_column_container\"><div class=\"vc_column-inner\"><div class=\"wpb_wrapper\"><div class=\"wpb_text_column\"><div class=\"wpb_wrapper\"><p style=\"text-align: center;\"><span>D\u00e9couvrez comment nos clients ont transform\u00e9 leurs d\u00e9fis en victoires.<\/span><\/p>\n<\/div><\/div><div class=\"ult-spacer spacer-69df424f1c5d1\" data-id=\"69df424f1c5d1\" data-height=\"30\" data-height-mobile=\"30\" data-height-tab=\"30\" data-height-tab-portrait=\"\" data-height-mobile-landscape=\"\" style=\"clear:both;display:block;\"><\/div><div class=\"w-btn-wrapper align_center\"><a class=\"w-btn us-btn-style_9 us_custom_6c9a0c76\" href=\"https:\/\/diabsolut.com\/histoires-reussites\/?lang=fr\"><span class=\"w-btn-label\">D\u00e9couvrez nos r\u00e9ussites \u2192<\/span><\/a><\/div><\/div><\/div><\/div><div class=\"vc_col-sm-4 wpb_column vc_column_container\"><div class=\"vc_column-inner\"><div class=\"wpb_wrapper\"><div class=\"wpb_text_column\"><div class=\"wpb_wrapper\"><p style=\"font-weight: 400; text-align: center;\">Contactez-nous pour obtenir de l&rsquo;aide, poser des questions ou b\u00e9n\u00e9ficier d&rsquo;une assistance.<\/p>\n<\/div><\/div><div class=\"ult-spacer spacer-69df424f1cc23\" data-id=\"69df424f1cc23\" data-height=\"30\" data-height-mobile=\"30\" data-height-tab=\"30\" data-height-tab-portrait=\"\" data-height-mobile-landscape=\"\" style=\"clear:both;display:block;\"><\/div><div class=\"w-btn-wrapper align_center\"><a class=\"w-btn us-btn-style_9 us_custom_6c9a0c76\" href=\"https:\/\/diabsolut.com\/contact\/?lang=fr\"><span class=\"w-btn-label\">Discutons \u2192<\/span><\/a><\/div><\/div><\/div><\/div><\/div><div class=\"ult-spacer spacer-69df424f1ce09\" data-id=\"69df424f1ce09\" data-height=\"30\" data-height-mobile=\"20\" data-height-tab=\"\" data-height-tab-portrait=\"\" data-height-mobile-landscape=\"20\" style=\"clear:both;display:block;\"><\/div><div class=\"wpb_text_column\"><div class=\"wpb_wrapper\"><p style=\"font-weight: 400; text-align: center;\">Si vous \u00eates arriv\u00e9 sur cette page \u00e0 partir d&rsquo;un de nos liens, n&rsquo;h\u00e9sitez pas \u00e0 nous le faire savoir. Nous aimons r\u00e9soudre les myst\u00e8res presque autant que r\u00e9soudre les d\u00e9fis li\u00e9s \u00e0 la mise en \u0153uvre.<\/p>\n<\/div><\/div><\/div><\/div><\/div><\/div><\/div><\/section>\n","protected":false},"excerpt":{"rendered":"[vc_custom_heading text=\"Cette page a pris un mauvais tournant.\" css=\"%7B%22default%22%3A%7B%22color%22%3A%22_header_middle_text%22%2C%22font-size%22%3A%2280px%22%2C%22line-height%22%3A%221%22%2C%22font-family%22%3A%22h6%22%2C%22font-weight%22%3A%22800%22%7D%2C%22laptops%22%3A%7B%22color%22%3A%22_header_middle_text%22%2C%22font-size%22%3A%2260px%22%2C%22line-height%22%3A%221%22%2C%22font-family%22%3A%22h6%22%2C%22font-weight%22%3A%22800%22%7D%2C%22tablets%22%3A%7B%22color%22%3A%22_header_middle_text%22%2C%22font-size%22%3A%2240px%22%2C%22line-height%22%3A%221%22%2C%22font-family%22%3A%22h6%22%2C%22font-weight%22%3A%22800%22%7D%2C%22mobiles%22%3A%7B%22color%22%3A%22_header_middle_text%22%2C%22font-size%22%3A%2240px%22%2C%22line-height%22%3A%221%22%2C%22font-family%22%3A%22h6%22%2C%22font-weight%22%3A%22800%22%7D%7D\"][vc_custom_heading text=\"La bonne nouvelle : Diabsolut est tr\u00e8s dou\u00e9 pour remettre les choses sur les rails.\" css=\"%7B%22default%22%3A%7B%22color%22%3A%22_content_text%22%2C%22font-size%22%3A%2228px%22%2C%22line-height%22%3A%221.2%22%2C%22font-family%22%3A%22h6%22%2C%22font-weight%22%3A%22600%22%7D%7D\"]Ramenez-moi \u00e0 la page d&rsquo;accueil \u2192[vc_custom_heading text=\"Cette page a pris un mauvais tournant.\" css=\"%7B%22default%22%3A%7B%22color%22%3A%22_header_middle_text%22%2C%22font-size%22%3A%2280px%22%2C%22line-height%22%3A%221%22%2C%22font-family%22%3A%22h6%22%2C%22font-weight%22%3A%22800%22%7D%2C%22laptops%22%3A%7B%22color%22%3A%22_header_middle_text%22%2C%22font-size%22%3A%2260px%22%2C%22line-height%22%3A%221%22%2C%22font-family%22%3A%22h6%22%2C%22font-weight%22%3A%22800%22%7D%2C%22tablets%22%3A%7B%22color%22%3A%22_header_middle_text%22%2C%22font-size%22%3A%2240px%22%2C%22line-height%22%3A%221%22%2C%22font-family%22%3A%22h6%22%2C%22font-weight%22%3A%22800%22%7D%2C%22mobiles%22%3A%7B%22color%22%3A%22_header_middle_text%22%2C%22font-size%22%3A%2240px%22%2C%22line-height%22%3A%221%22%2C%22font-family%22%3A%22h6%22%2C%22font-weight%22%3A%22800%22%7D%7D\"][vc_custom_heading text=\"La bonne nouvelle : Diabsolut est tr\u00e8s dou\u00e9 pour remettre les choses sur les rails.\" css=\"%7B%22default%22%3A%7B%22color%22%3A%22_content_text%22%2C%22font-size%22%3A%2228px%22%2C%22line-height%22%3A%221.2%22%2C%22font-family%22%3A%22h6%22%2C%22font-weight%22%3A%22600%22%7D%7D\"]Ramenez-moi \u00e0...","protected":false},"author":1,"featured_media":5506,"parent":0,"menu_order":0,"comment_status":"closed","ping_status":"closed","template":"","meta":{"_monsterinsights_skip_tracking":false,"_monsterinsights_sitenote_active":false,"_monsterinsights_sitenote_note":"","_monsterinsights_sitenote_category":0,"footnotes":""},"class_list":["post-28605","page","type-page","status-publish","has-post-thumbnail","hentry"],"yoast_head":"<!-- This site is optimized with the Yoast SEO Premium plugin v27.3 (Yoast SEO v27.3) - https:\/\/yoast.com\/product\/yoast-seo-premium-wordpress\/ -->\n<title>Oups\u2026 Il semble que nous ayons rencontr\u00e9 une erreur 404<\/title>\n<meta name=\"description\" content=\"Cette page est introuvable. Rendez-vous sur Diabsolut.com pour d\u00e9couvrir nos services, nos solutions et notre assistance afin de vous aider \u00e0 retrouver ce dont vous avez besoin.\" \/>\n<meta name=\"robots\" content=\"index, follow, max-snippet:-1, max-image-preview:large, max-video-preview:-1\" \/>\n<link rel=\"canonical\" href=\"https:\/\/diabsolut.com\/oups\/?lang=fr\" \/>\n<meta property=\"og:locale\" content=\"fr_FR\" \/>\n<meta property=\"og:type\" content=\"article\" \/>\n<meta property=\"og:title\" content=\"On dirait que cette page a pris un mauvais tournant.\" \/>\n<meta property=\"og:description\" content=\"Cette page est introuvable. Rendez-vous sur Diabsolut.com pour d\u00e9couvrir nos services, nos solutions et notre assistance afin de vous aider \u00e0 retrouver ce dont vous avez besoin.\" \/>\n<meta property=\"og:url\" content=\"https:\/\/diabsolut.com\/oups\/?lang=fr\" \/>\n<meta property=\"og:site_name\" content=\"Diabsolut\" \/>\n<meta property=\"article:publisher\" content=\"https:\/\/www.facebook.com\/DiabsolutCom\/\" \/>\n<meta property=\"article:modified_time\" content=\"2025-11-18T21:28:47+00:00\" \/>\n<meta property=\"og:image\" content=\"https:\/\/diabsolut.com\/wp-content\/uploads\/2020\/03\/Logo-Diabsolut.png\" \/>\n\t<meta property=\"og:image:width\" content=\"376\" \/>\n\t<meta property=\"og:image:height\" content=\"201\" \/>\n\t<meta property=\"og:image:type\" content=\"image\/png\" \/>\n<meta name=\"twitter:card\" content=\"summary_large_image\" \/>\n<meta name=\"twitter:site\" content=\"@Diabsolut\" \/>\n<meta name=\"twitter:label1\" content=\"Dur\u00e9e de lecture estim\u00e9e\" \/>\n\t<meta name=\"twitter:data1\" content=\"2 minutes\" \/>\n<script type=\"application\/ld+json\" class=\"yoast-schema-graph\">{\"@context\":\"https:\\\/\\\/schema.org\",\"@graph\":[{\"@type\":\"WebPage\",\"@id\":\"https:\\\/\\\/diabsolut.com\\\/oups\\\/?lang=fr\",\"url\":\"https:\\\/\\\/diabsolut.com\\\/oups\\\/?lang=fr\",\"name\":\"Oups\u2026 Il semble que nous ayons rencontr\u00e9 une erreur 404\",\"isPartOf\":{\"@id\":\"https:\\\/\\\/diabsolut.com\\\/#website\"},\"primaryImageOfPage\":{\"@id\":\"https:\\\/\\\/diabsolut.com\\\/oups\\\/?lang=fr#primaryimage\"},\"image\":{\"@id\":\"https:\\\/\\\/diabsolut.com\\\/oups\\\/?lang=fr#primaryimage\"},\"thumbnailUrl\":\"https:\\\/\\\/diabsolut.com\\\/wp-content\\\/uploads\\\/2020\\\/03\\\/Logo-Diabsolut.png\",\"datePublished\":\"2025-11-18T21:13:44+00:00\",\"dateModified\":\"2025-11-18T21:28:47+00:00\",\"description\":\"Cette page est introuvable. Rendez-vous sur Diabsolut.com pour d\u00e9couvrir nos services, nos solutions et notre assistance afin de vous aider \u00e0 retrouver ce dont vous avez besoin.\",\"breadcrumb\":{\"@id\":\"https:\\\/\\\/diabsolut.com\\\/oups\\\/?lang=fr#breadcrumb\"},\"inLanguage\":\"fr-FR\",\"potentialAction\":[{\"@type\":\"ReadAction\",\"target\":[\"https:\\\/\\\/diabsolut.com\\\/oups\\\/?lang=fr\"]}]},{\"@type\":\"ImageObject\",\"inLanguage\":\"fr-FR\",\"@id\":\"https:\\\/\\\/diabsolut.com\\\/oups\\\/?lang=fr#primaryimage\",\"url\":\"https:\\\/\\\/diabsolut.com\\\/wp-content\\\/uploads\\\/2020\\\/03\\\/Logo-Diabsolut.png\",\"contentUrl\":\"https:\\\/\\\/diabsolut.com\\\/wp-content\\\/uploads\\\/2020\\\/03\\\/Logo-Diabsolut.png\",\"width\":376,\"height\":201,\"caption\":\"Logo Diabsolut\"},{\"@type\":\"BreadcrumbList\",\"@id\":\"https:\\\/\\\/diabsolut.com\\\/oups\\\/?lang=fr#breadcrumb\",\"itemListElement\":[{\"@type\":\"ListItem\",\"position\":1,\"name\":\"Home\",\"item\":\"https:\\\/\\\/diabsolut.com\\\/fr\\\/\"},{\"@type\":\"ListItem\",\"position\":2,\"name\":\"On dirait que cette page a pris un mauvais tournant.\"}]},{\"@type\":\"WebSite\",\"@id\":\"https:\\\/\\\/diabsolut.com\\\/#website\",\"url\":\"https:\\\/\\\/diabsolut.com\\\/\",\"name\":\"Diabsolut\",\"description\":\"Salesforce, Agentforce &amp; Certinia Experts\",\"publisher\":{\"@id\":\"https:\\\/\\\/diabsolut.com\\\/#organization\"},\"potentialAction\":[{\"@type\":\"SearchAction\",\"target\":{\"@type\":\"EntryPoint\",\"urlTemplate\":\"https:\\\/\\\/diabsolut.com\\\/?s={search_term_string}\"},\"query-input\":{\"@type\":\"PropertyValueSpecification\",\"valueRequired\":true,\"valueName\":\"search_term_string\"}}],\"inLanguage\":\"fr-FR\"},{\"@type\":\"Organization\",\"@id\":\"https:\\\/\\\/diabsolut.com\\\/#organization\",\"name\":\"Diabsolut\",\"url\":\"https:\\\/\\\/diabsolut.com\\\/\",\"logo\":{\"@type\":\"ImageObject\",\"inLanguage\":\"fr-FR\",\"@id\":\"https:\\\/\\\/diabsolut.com\\\/#\\\/schema\\\/logo\\\/image\\\/\",\"url\":\"https:\\\/\\\/diabsolut.com\\\/wp-content\\\/uploads\\\/2020\\\/03\\\/Logo-Diabsolut.png\",\"contentUrl\":\"https:\\\/\\\/diabsolut.com\\\/wp-content\\\/uploads\\\/2020\\\/03\\\/Logo-Diabsolut.png\",\"width\":376,\"height\":201,\"caption\":\"Diabsolut\"},\"image\":{\"@id\":\"https:\\\/\\\/diabsolut.com\\\/#\\\/schema\\\/logo\\\/image\\\/\"},\"sameAs\":[\"https:\\\/\\\/www.facebook.com\\\/DiabsolutCom\\\/\",\"https:\\\/\\\/x.com\\\/Diabsolut\",\"https:\\\/\\\/www.linkedin.com\\\/company\\\/diabsolut\\\/\",\"https:\\\/\\\/www.instagram.com\\\/diabsolutcom\\\/\",\"https:\\\/\\\/www.youtube.com\\\/channel\\\/UCnEvBmkwDdGiXeh7f62mSHA\\\/featured\"]}]}<\/script>\n<!-- \/ Yoast SEO Premium plugin. -->","yoast_head_json":{"title":"Oups\u2026 Il semble que nous ayons rencontr\u00e9 une erreur 404","description":"Cette page est introuvable. Rendez-vous sur Diabsolut.com pour d\u00e9couvrir nos services, nos solutions et notre assistance afin de vous aider \u00e0 retrouver ce dont vous avez besoin.","robots":{"index":"index","follow":"follow","max-snippet":"max-snippet:-1","max-image-preview":"max-image-preview:large","max-video-preview":"max-video-preview:-1"},"canonical":"https:\/\/diabsolut.com\/oups\/?lang=fr","og_locale":"fr_FR","og_type":"article","og_title":"On dirait que cette page a pris un mauvais tournant.","og_description":"Cette page est introuvable. Rendez-vous sur Diabsolut.com pour d\u00e9couvrir nos services, nos solutions et notre assistance afin de vous aider \u00e0 retrouver ce dont vous avez besoin.","og_url":"https:\/\/diabsolut.com\/oups\/?lang=fr","og_site_name":"Diabsolut","article_publisher":"https:\/\/www.facebook.com\/DiabsolutCom\/","article_modified_time":"2025-11-18T21:28:47+00:00","og_image":[{"width":376,"height":201,"url":"https:\/\/diabsolut.com\/wp-content\/uploads\/2020\/03\/Logo-Diabsolut.png","type":"image\/png"}],"twitter_card":"summary_large_image","twitter_site":"@Diabsolut","twitter_misc":{"Dur\u00e9e de lecture estim\u00e9e":"2 minutes"},"schema":{"@context":"https:\/\/schema.org","@graph":[{"@type":"WebPage","@id":"https:\/\/diabsolut.com\/oups\/?lang=fr","url":"https:\/\/diabsolut.com\/oups\/?lang=fr","name":"Oups\u2026 Il semble que nous ayons rencontr\u00e9 une erreur 404","isPartOf":{"@id":"https:\/\/diabsolut.com\/#website"},"primaryImageOfPage":{"@id":"https:\/\/diabsolut.com\/oups\/?lang=fr#primaryimage"},"image":{"@id":"https:\/\/diabsolut.com\/oups\/?lang=fr#primaryimage"},"thumbnailUrl":"https:\/\/diabsolut.com\/wp-content\/uploads\/2020\/03\/Logo-Diabsolut.png","datePublished":"2025-11-18T21:13:44+00:00","dateModified":"2025-11-18T21:28:47+00:00","description":"Cette page est introuvable. Rendez-vous sur Diabsolut.com pour d\u00e9couvrir nos services, nos solutions et notre assistance afin de vous aider \u00e0 retrouver ce dont vous avez besoin.","breadcrumb":{"@id":"https:\/\/diabsolut.com\/oups\/?lang=fr#breadcrumb"},"inLanguage":"fr-FR","potentialAction":[{"@type":"ReadAction","target":["https:\/\/diabsolut.com\/oups\/?lang=fr"]}]},{"@type":"ImageObject","inLanguage":"fr-FR","@id":"https:\/\/diabsolut.com\/oups\/?lang=fr#primaryimage","url":"https:\/\/diabsolut.com\/wp-content\/uploads\/2020\/03\/Logo-Diabsolut.png","contentUrl":"https:\/\/diabsolut.com\/wp-content\/uploads\/2020\/03\/Logo-Diabsolut.png","width":376,"height":201,"caption":"Logo Diabsolut"},{"@type":"BreadcrumbList","@id":"https:\/\/diabsolut.com\/oups\/?lang=fr#breadcrumb","itemListElement":[{"@type":"ListItem","position":1,"name":"Home","item":"https:\/\/diabsolut.com\/fr\/"},{"@type":"ListItem","position":2,"name":"On dirait que cette page a pris un mauvais tournant."}]},{"@type":"WebSite","@id":"https:\/\/diabsolut.com\/#website","url":"https:\/\/diabsolut.com\/","name":"Diabsolut","description":"Salesforce, Agentforce &amp; Certinia Experts","publisher":{"@id":"https:\/\/diabsolut.com\/#organization"},"potentialAction":[{"@type":"SearchAction","target":{"@type":"EntryPoint","urlTemplate":"https:\/\/diabsolut.com\/?s={search_term_string}"},"query-input":{"@type":"PropertyValueSpecification","valueRequired":true,"valueName":"search_term_string"}}],"inLanguage":"fr-FR"},{"@type":"Organization","@id":"https:\/\/diabsolut.com\/#organization","name":"Diabsolut","url":"https:\/\/diabsolut.com\/","logo":{"@type":"ImageObject","inLanguage":"fr-FR","@id":"https:\/\/diabsolut.com\/#\/schema\/logo\/image\/","url":"https:\/\/diabsolut.com\/wp-content\/uploads\/2020\/03\/Logo-Diabsolut.png","contentUrl":"https:\/\/diabsolut.com\/wp-content\/uploads\/2020\/03\/Logo-Diabsolut.png","width":376,"height":201,"caption":"Diabsolut"},"image":{"@id":"https:\/\/diabsolut.com\/#\/schema\/logo\/image\/"},"sameAs":["https:\/\/www.facebook.com\/DiabsolutCom\/","https:\/\/x.com\/Diabsolut","https:\/\/www.linkedin.com\/company\/diabsolut\/","https:\/\/www.instagram.com\/diabsolutcom\/","https:\/\/www.youtube.com\/channel\/UCnEvBmkwDdGiXeh7f62mSHA\/featured"]}]}},"_links":{"self":[{"href":"https:\/\/diabsolut.com\/fr\/wp-json\/wp\/v2\/pages\/28605","targetHints":{"allow":["GET"]}}],"collection":[{"href":"https:\/\/diabsolut.com\/fr\/wp-json\/wp\/v2\/pages"}],"about":[{"href":"https:\/\/diabsolut.com\/fr\/wp-json\/wp\/v2\/types\/page"}],"author":[{"embeddable":true,"href":"https:\/\/diabsolut.com\/fr\/wp-json\/wp\/v2\/users\/1"}],"replies":[{"embeddable":true,"href":"https:\/\/diabsolut.com\/fr\/wp-json\/wp\/v2\/comments?post=28605"}],"version-history":[{"count":6,"href":"https:\/\/diabsolut.com\/fr\/wp-json\/wp\/v2\/pages\/28605\/revisions"}],"predecessor-version":[{"id":28611,"href":"https:\/\/diabsolut.com\/fr\/wp-json\/wp\/v2\/pages\/28605\/revisions\/28611"}],"wp:featuredmedia":[{"embeddable":true,"href":"https:\/\/diabsolut.com\/fr\/wp-json\/wp\/v2\/media\/5506"}],"wp:attachment":[{"href":"https:\/\/diabsolut.com\/fr\/wp-json\/wp\/v2\/media?parent=28605"}],"curies":[{"name":"wp","href":"https:\/\/api.w.org\/{rel}","templated":true}]}}