{"id":20125,"date":"2024-01-26T09:02:43","date_gmt":"2024-01-26T14:02:43","guid":{"rendered":"https:\/\/diabsolut.com\/?page_id=20125"},"modified":"2026-03-10T11:31:14","modified_gmt":"2026-03-10T15:31:14","slug":"politique-de-confidentialite","status":"publish","type":"page","link":"https:\/\/diabsolut.com\/fr\/politique-de-confidentialite\/","title":{"rendered":"Politique de confidentialit\u00e9"},"content":{"rendered":"<section class=\"l-section wpb_row height_small width_custom\" style=\"--site-content-width:1360px;\"><div class=\"l-section-h i-cf\"><div class=\"g-cols vc_row via_flex valign_top type_default stacking_default\"><div class=\"vc_col-sm-12 wpb_column vc_column_container\"><div class=\"vc_column-inner\"><div class=\"wpb_wrapper\"><div class=\"wpb_text_column\"><div class=\"wpb_wrapper\"><h1><strong>Politique de protection de confidentialit\u00e9<\/strong><\/h1>\n<ol>\n<li><strong> Introduction<\/strong><\/li>\n<\/ol>\n<p>Diabsolut s&rsquo;engage \u00e0 prot\u00e9ger vos informations personnelles et \u00e0 assurer la transparence sur la fa\u00e7on dont nous recueillons, utilisons, divulguons et prot\u00e9geons vos donn\u00e9es. Cette politique de confidentialit\u00e9 est con\u00e7ue pour se conformer au R\u00e8glement g\u00e9n\u00e9ral sur la protection des donn\u00e9es (RGPD), \u00e0 la Loi sur la protection des renseignements personnels et les documents \u00e9lectroniques (LPRPDE) et au projet de loi 25 du Qu\u00e9bec.<\/p>\n<p>EN UTILISANT NOS SERVICES, EN VISITANT NOTRE SITE OU EN SOUMETTANT DES INFORMATIONS PAR LE BIAIS DES SERVICES OU DE NOTRE SITE, VOUS CONSENTEZ EXPRESS\u00c9MENT \u00c0 CE QUE VOS INFORMATIONS SOIENT RECUEILLIES, TRAIT\u00c9ES ET UTILIS\u00c9ES CONFORM\u00c9MENT \u00c0 LA PR\u00c9SENTE POLITIQUE DE CONFIDENTIALIT\u00c9.<\/p>\n<ol start=\"2\">\n<li><strong> M\u00e9thodes de collecte des donn\u00e9es<\/strong><\/li>\n<\/ol>\n<p>Nous recueillons des renseignements personnels au moyen des m\u00e9thodes suivantes :<\/p>\n<ul>\n<li><strong>Suivi des visites :<\/strong> Nous utilisons des cookies et des technologies de suivi similaires pour surveiller et analyser les interactions des utilisateurs avec notre site web, telles que les visites de pages, la dur\u00e9e des visites et les sch\u00e9mas de navigation. Ces informations nous aident \u00e0 comprendre le comportement des utilisateurs et \u00e0 am\u00e9liorer la fonctionnalit\u00e9 de notre site web et l&rsquo;exp\u00e9rience des utilisateurs.<\/li>\n<li><strong>Abonnement \u00e0 un blog ou \u00e0 un bulletin d\u2019information :<\/strong> Lorsque vous vous abonnez \u00e0 notre blog ou \u00e0 un bulletin d&rsquo;information, nous recueillons votre adresse \u00e9lectronique et d&rsquo;autres coordonn\u00e9es pertinentes. Ces informations sont utilis\u00e9es pour vous envoyer des mises \u00e0 jour, des nouvelles et des documents promotionnels relatifs \u00e0 nos services.<\/li>\n<li><strong>Coordonn\u00e9es pour les demandes : <\/strong>Si vous demandez des informations ou de l&rsquo;aide, nous recueillons vos coordonn\u00e9es et les d\u00e9tails de votre demande. Cela nous aide \u00e0 fournir les informations n\u00e9cessaires et \u00e0 r\u00e9pondre efficacement \u00e0 vos demandes.<\/li>\n<li><strong>T\u00e9l\u00e9chargement des histoires de r\u00e9ussite :<\/strong> Pour t\u00e9l\u00e9charger des histoires de r\u00e9ussite \u00e0 partir de notre site web, nous recueillons vos coordonn\u00e9es, notamment votre nom et votre adresse \u00e9lectronique. Cela nous permet de vous envoyer les documents demand\u00e9s et de vous tenir inform\u00e9 des mises \u00e0 jour correspondantes.<\/li>\n<li><strong>Demandes d&#8217;emploi :<\/strong> Lorsque vous postulez \u00e0 des offres d&#8217;emploi sur notre site web, nous recueillons des donn\u00e9es personnelles telles que votre nom, vos coordonn\u00e9es, votre CV et d&rsquo;autres informations pertinentes. Ces donn\u00e9es sont utilis\u00e9es pour \u00e9valuer votre candidature et g\u00e9rer le processus de recrutement.<\/li>\n<li><strong>Campagnes \u00e9ventuelles :<\/strong> De temps \u00e0 autre, nous pouvons r\u00e9aliser des campagnes promotionnelles sur notre site web pour vous informer sur des services sp\u00e9cifiques, des aper\u00e7us de l&rsquo;industrie ou des \u00e9v\u00e9nements. Dans le cadre de ces campagnes, nous pouvons vous demander vos coordonn\u00e9es si vous souhaitez recevoir des brochures, t\u00e9l\u00e9charger des aper\u00e7us du secteur ou obtenir d&rsquo;autres documents. La fourniture de ces informations est enti\u00e8rement volontaire et ne sera utilis\u00e9e qu&rsquo;aux fins sp\u00e9cifi\u00e9es dans chaque campagne. Nous traiterons vos donn\u00e9es conform\u00e9ment \u00e0 nos politiques de protection des donn\u00e9es et ne les utiliserons pas \u00e0 d&rsquo;autres fins sans votre consentement explicite.<strong>\u00a0<\/strong><\/li>\n<\/ul>\n<ol start=\"3\">\n<li><strong> Finalit\u00e9 du traitement des donn\u00e9es<\/strong><\/li>\n<\/ol>\n<p>Les informations personnelles que nous recueillons sont utilis\u00e9es aux fins suivantes :<\/p>\n<ul>\n<li>Exploiter, maintenir et am\u00e9liorer notre site web et nos services.<\/li>\n<li>Pour communiquer avec vous, notamment par l&rsquo;envoi de bulletins d&rsquo;information, de mises \u00e0 jour et de mat\u00e9riel promotionnel.<\/li>\n<li>Traiter et r\u00e9pondre \u00e0 vos demandes d&rsquo;information ou d&rsquo;assistance.<\/li>\n<li>Faciliter le t\u00e9l\u00e9chargement de livres \u00e9lectroniques, d&rsquo;exemples de r\u00e9ussite et de brochures.<\/li>\n<li>Pour g\u00e9rer et \u00e9valuer les demandes d&#8217;emploi et les processus de recrutement.<\/li>\n<li>Respecter les obligations l\u00e9gales et prot\u00e9ger nos droits l\u00e9gaux.<\/li>\n<\/ul>\n<ol start=\"4\">\n<li><strong> Base juridique du traitement (conformit\u00e9 au GDPR)<\/strong><\/li>\n<\/ol>\n<p>Notre traitement des donn\u00e9es \u00e0 caract\u00e8re personnel repose sur les bases juridiques suivantes :<\/p>\n<ul>\n<li><strong>Consentement :<\/strong> Nous obtenons un consentement explicite pour des activit\u00e9s sp\u00e9cifiques de traitement des donn\u00e9es, telles que les abonnements \u00e0 la newsletter et les t\u00e9l\u00e9chargements de contenu.<strong>\u00a0<\/strong><\/li>\n<li><strong>Int\u00e9r\u00eats l\u00e9gitimes : <\/strong>Nous traitons les donn\u00e9es pour servir nos int\u00e9r\u00eats l\u00e9gitimes, tels que l&rsquo;am\u00e9lioration de nos services et de nos communications, \u00e0 condition que ces int\u00e9r\u00eats ne l&#8217;emportent pas sur vos droits et libert\u00e9s.<\/li>\n<li><strong>N\u00e9cessit\u00e9 contractuelle :<\/strong> Nous traitons les donn\u00e9es \u00e0 caract\u00e8re personnel si cela est n\u00e9cessaire pour remplir nos obligations contractuelles, notamment pour r\u00e9pondre aux demandes d&#8217;emploi et fournir les services demand\u00e9s.<\/li>\n<\/ul>\n<ol start=\"5\">\n<li><strong> Partage et divulgation des donn\u00e9es<\/strong><\/li>\n<\/ol>\n<p>Nous ne vendons pas vos informations personnelles. Nous pouvons partager vos donn\u00e9es avec des tiers uniquement dans les circonstances suivantes :<\/p>\n<ul>\n<li>Avec des prestataires de services qui nous aident \u00e0 exploiter notre site web et \u00e0 fournir des services, dans le cadre d&rsquo;accords de confidentialit\u00e9.<\/li>\n<li>Lorsque la loi, la r\u00e9glementation ou une proc\u00e9dure judiciaire l&rsquo;exige.<\/li>\n<li>Pour prot\u00e9ger les droits, la propri\u00e9t\u00e9 ou la s\u00e9curit\u00e9 de Diabsolut, de nos utilisateurs ou du public.<\/li>\n<\/ul>\n<ol start=\"6\">\n<li><strong> S\u00e9curit\u00e9 des donn\u00e9es<\/strong><\/li>\n<\/ol>\n<p>Nous mettons en \u0153uvre des mesures techniques et organisationnelles appropri\u00e9es pour prot\u00e9ger les donn\u00e9es personnelles contre tout acc\u00e8s, modification, divulgation ou destruction non autoris\u00e9s.<\/p>\n<ol start=\"7\">\n<li><strong> Vos droits<\/strong><\/li>\n<\/ol>\n<p>En vertu du GDPR, de la PIPEDA et du projet de loi 25 du Qu\u00e9bec, vous avez les droits suivants :<\/p>\n<ul>\n<li><strong>Acc\u00e8s :<\/strong> Demander l&rsquo;acc\u00e8s aux donn\u00e9es personnelles que nous d\u00e9tenons \u00e0 votre sujet.<\/li>\n<li><strong>Rectification :<\/strong> Demander la correction de donn\u00e9es inexactes ou incompl\u00e8tes.<\/li>\n<li><strong>Effacement :<\/strong> Demander la suppression de vos donn\u00e9es sous certaines conditions.<\/li>\n<li><strong>Portabilit\u00e9 des donn\u00e9es : <\/strong>Demander une copie de vos donn\u00e9es dans un format structur\u00e9, couramment utilis\u00e9 et lisible par machine.<\/li>\n<li><strong>Objection et restriction :<\/strong> Vous pouvez vous opposer au traitement des donn\u00e9es ou en demander la restriction dans des circonstances sp\u00e9cifiques.<\/li>\n<li><strong>Retrait du consentement : <\/strong>Retirer son consentement lorsque le traitement des donn\u00e9es est fond\u00e9 sur le consentement.<\/li>\n<\/ul>\n<p>Pour exercer ces droits, veuillez nous contacter \u00e0 l&rsquo;adresse courriel suivante : <a href=\"mailto:confidentialite@diabsolut.com\">confidentialite@diabsolut.com<\/a>.<\/p>\n<ol start=\"8\">\n<li><strong> Protection de la vie priv\u00e9e des enfants<\/strong><\/li>\n<\/ol>\n<p>Nos services ne sont pas destin\u00e9s aux personnes \u00e2g\u00e9es de moins de [pr\u00e9ciser l&rsquo;\u00e2ge, par exemple 16 ans]. Nous ne recueillons pas sciemment de donn\u00e9es \u00e0 caract\u00e8re personnel aupr\u00e8s d&rsquo;enfants sans le consentement de leurs parents. Si vous pensez que nous avons recueilli des donn\u00e9es personnelles aupr\u00e8s d&rsquo;un enfant sans le consentement de ses parents, veuillez nous contacter et nous prendrons les mesures n\u00e9cessaires pour supprimer ces donn\u00e9es.<\/p>\n<ol start=\"9\">\n<li><strong> Modifications de la pr\u00e9sente politique de confidentialit\u00e9<\/strong><\/li>\n<\/ol>\n<p>Nous pouvons mettre \u00e0 jour la pr\u00e9sente politique de confidentialit\u00e9 de temps \u00e0 autre. Nous vous informerons de toute modification importante en publiant la politique mise \u00e0 jour sur notre site web et en actualisant la date d&rsquo;entr\u00e9e en vigueur.<\/p>\n<ol start=\"10\">\n<li><strong> Pour nous rejoindre<\/strong><\/li>\n<\/ol>\n<p>Pour toute question ou pr\u00e9occupation concernant cette politique de confidentialit\u00e9 ou nos pratiques en mati\u00e8re de donn\u00e9es, veuillez nous contacter \u00e0 l&rsquo;adresse courriel suivante : <a href=\"mailto:confidentialite@diabsolut.com\">confidentialite@diabsolut.com<\/a>.<\/p>\n<p><span><a href=\"https:\/\/diabsolut.com\/\">www.diabsolut.com<\/a><\/span><br \/>\n020B-1425 Autoroute Transcanadienne<br \/>\nDorval, Qu\u00e9bec,<br \/>\nCanada H9P 2W9<\/p>\n<\/div><\/div><\/div><\/div><\/div><\/div><\/div><\/section>\n","protected":false},"excerpt":{"rendered":"Politique de protection de confidentialit\u00e9 Introduction Diabsolut s&rsquo;engage \u00e0 prot\u00e9ger vos informations personnelles et \u00e0 assurer la transparence sur la fa\u00e7on dont nous recueillons, utilisons, divulguons et prot\u00e9geons vos donn\u00e9es. Cette politique de confidentialit\u00e9 est con\u00e7ue pour se conformer au R\u00e8glement g\u00e9n\u00e9ral sur la protection des donn\u00e9es (RGPD), \u00e0 la Loi sur la protection des...","protected":false},"author":1,"featured_media":0,"parent":0,"menu_order":0,"comment_status":"closed","ping_status":"closed","template":"","meta":{"_monsterinsights_skip_tracking":false,"_monsterinsights_sitenote_active":false,"_monsterinsights_sitenote_note":"","_monsterinsights_sitenote_category":0,"footnotes":""},"class_list":["post-20125","page","type-page","status-publish","hentry"],"yoast_head":"<!-- This site is optimized with the Yoast SEO Premium plugin v27.3 (Yoast SEO v27.3) - https:\/\/yoast.com\/product\/yoast-seo-premium-wordpress\/ -->\n<title>Politique de confidentialit\u00e9 - Diabsolut<\/title>\n<meta name=\"description\" content=\"Consultez la politique de confidentialit\u00e9 pour voir comment nous recueillons, utilisons et prot\u00e9geons vos renseignements personnels.\" \/>\n<meta name=\"robots\" content=\"index, follow, max-snippet:-1, max-image-preview:large, max-video-preview:-1\" \/>\n<link rel=\"canonical\" href=\"https:\/\/diabsolut.com\/fr\/politique-de-confidentialite\/\" \/>\n<meta property=\"og:locale\" content=\"fr_FR\" \/>\n<meta property=\"og:type\" content=\"article\" \/>\n<meta property=\"og:title\" content=\"Politique de confidentialit\u00e9\" \/>\n<meta property=\"og:description\" content=\"Consultez la politique de confidentialit\u00e9 pour voir comment nous recueillons, utilisons et prot\u00e9geons vos renseignements personnels.\" \/>\n<meta property=\"og:url\" content=\"https:\/\/diabsolut.com\/fr\/politique-de-confidentialite\/\" \/>\n<meta property=\"og:site_name\" content=\"Diabsolut\" \/>\n<meta property=\"article:publisher\" content=\"https:\/\/www.facebook.com\/DiabsolutCom\/\" \/>\n<meta property=\"article:modified_time\" content=\"2026-03-10T15:31:14+00:00\" \/>\n<meta name=\"twitter:card\" content=\"summary_large_image\" \/>\n<meta name=\"twitter:site\" content=\"@Diabsolut\" \/>\n<meta name=\"twitter:label1\" content=\"Dur\u00e9e de lecture estim\u00e9e\" \/>\n\t<meta name=\"twitter:data1\" content=\"5 minutes\" \/>\n<script type=\"application\/ld+json\" class=\"yoast-schema-graph\">{\"@context\":\"https:\\\/\\\/schema.org\",\"@graph\":[{\"@type\":\"WebPage\",\"@id\":\"https:\\\/\\\/diabsolut.com\\\/fr\\\/politique-de-confidentialite\\\/\",\"url\":\"https:\\\/\\\/diabsolut.com\\\/fr\\\/politique-de-confidentialite\\\/\",\"name\":\"Politique de confidentialit\u00e9 - Diabsolut\",\"isPartOf\":{\"@id\":\"https:\\\/\\\/diabsolut.com\\\/#website\"},\"datePublished\":\"2024-01-26T14:02:43+00:00\",\"dateModified\":\"2026-03-10T15:31:14+00:00\",\"description\":\"Consultez la politique de confidentialit\u00e9 pour voir comment nous recueillons, utilisons et prot\u00e9geons vos renseignements personnels.\",\"breadcrumb\":{\"@id\":\"https:\\\/\\\/diabsolut.com\\\/fr\\\/politique-de-confidentialite\\\/#breadcrumb\"},\"inLanguage\":\"fr-FR\",\"potentialAction\":[{\"@type\":\"ReadAction\",\"target\":[\"https:\\\/\\\/diabsolut.com\\\/fr\\\/politique-de-confidentialite\\\/\"]}]},{\"@type\":\"BreadcrumbList\",\"@id\":\"https:\\\/\\\/diabsolut.com\\\/fr\\\/politique-de-confidentialite\\\/#breadcrumb\",\"itemListElement\":[{\"@type\":\"ListItem\",\"position\":1,\"name\":\"Home\",\"item\":\"https:\\\/\\\/diabsolut.com\\\/fr\\\/\"},{\"@type\":\"ListItem\",\"position\":2,\"name\":\"Politique de confidentialit\u00e9\"}]},{\"@type\":\"WebSite\",\"@id\":\"https:\\\/\\\/diabsolut.com\\\/#website\",\"url\":\"https:\\\/\\\/diabsolut.com\\\/\",\"name\":\"Diabsolut\",\"description\":\"Salesforce, Agentforce &amp; Certinia Experts\",\"publisher\":{\"@id\":\"https:\\\/\\\/diabsolut.com\\\/#organization\"},\"potentialAction\":[{\"@type\":\"SearchAction\",\"target\":{\"@type\":\"EntryPoint\",\"urlTemplate\":\"https:\\\/\\\/diabsolut.com\\\/?s={search_term_string}\"},\"query-input\":{\"@type\":\"PropertyValueSpecification\",\"valueRequired\":true,\"valueName\":\"search_term_string\"}}],\"inLanguage\":\"fr-FR\"},{\"@type\":\"Organization\",\"@id\":\"https:\\\/\\\/diabsolut.com\\\/#organization\",\"name\":\"Diabsolut\",\"url\":\"https:\\\/\\\/diabsolut.com\\\/\",\"logo\":{\"@type\":\"ImageObject\",\"inLanguage\":\"fr-FR\",\"@id\":\"https:\\\/\\\/diabsolut.com\\\/#\\\/schema\\\/logo\\\/image\\\/\",\"url\":\"https:\\\/\\\/diabsolut.com\\\/wp-content\\\/uploads\\\/2020\\\/03\\\/Logo-Diabsolut.png\",\"contentUrl\":\"https:\\\/\\\/diabsolut.com\\\/wp-content\\\/uploads\\\/2020\\\/03\\\/Logo-Diabsolut.png\",\"width\":376,\"height\":201,\"caption\":\"Diabsolut\"},\"image\":{\"@id\":\"https:\\\/\\\/diabsolut.com\\\/#\\\/schema\\\/logo\\\/image\\\/\"},\"sameAs\":[\"https:\\\/\\\/www.facebook.com\\\/DiabsolutCom\\\/\",\"https:\\\/\\\/x.com\\\/Diabsolut\",\"https:\\\/\\\/www.linkedin.com\\\/company\\\/diabsolut\\\/\",\"https:\\\/\\\/www.instagram.com\\\/diabsolutcom\\\/\",\"https:\\\/\\\/www.youtube.com\\\/channel\\\/UCnEvBmkwDdGiXeh7f62mSHA\\\/featured\"]}]}<\/script>\n<!-- \/ Yoast SEO Premium plugin. -->","yoast_head_json":{"title":"Politique de confidentialit\u00e9 - Diabsolut","description":"Consultez la politique de confidentialit\u00e9 pour voir comment nous recueillons, utilisons et prot\u00e9geons vos renseignements personnels.","robots":{"index":"index","follow":"follow","max-snippet":"max-snippet:-1","max-image-preview":"max-image-preview:large","max-video-preview":"max-video-preview:-1"},"canonical":"https:\/\/diabsolut.com\/fr\/politique-de-confidentialite\/","og_locale":"fr_FR","og_type":"article","og_title":"Politique de confidentialit\u00e9","og_description":"Consultez la politique de confidentialit\u00e9 pour voir comment nous recueillons, utilisons et prot\u00e9geons vos renseignements personnels.","og_url":"https:\/\/diabsolut.com\/fr\/politique-de-confidentialite\/","og_site_name":"Diabsolut","article_publisher":"https:\/\/www.facebook.com\/DiabsolutCom\/","article_modified_time":"2026-03-10T15:31:14+00:00","twitter_card":"summary_large_image","twitter_site":"@Diabsolut","twitter_misc":{"Dur\u00e9e de lecture estim\u00e9e":"5 minutes"},"schema":{"@context":"https:\/\/schema.org","@graph":[{"@type":"WebPage","@id":"https:\/\/diabsolut.com\/fr\/politique-de-confidentialite\/","url":"https:\/\/diabsolut.com\/fr\/politique-de-confidentialite\/","name":"Politique de confidentialit\u00e9 - Diabsolut","isPartOf":{"@id":"https:\/\/diabsolut.com\/#website"},"datePublished":"2024-01-26T14:02:43+00:00","dateModified":"2026-03-10T15:31:14+00:00","description":"Consultez la politique de confidentialit\u00e9 pour voir comment nous recueillons, utilisons et prot\u00e9geons vos renseignements personnels.","breadcrumb":{"@id":"https:\/\/diabsolut.com\/fr\/politique-de-confidentialite\/#breadcrumb"},"inLanguage":"fr-FR","potentialAction":[{"@type":"ReadAction","target":["https:\/\/diabsolut.com\/fr\/politique-de-confidentialite\/"]}]},{"@type":"BreadcrumbList","@id":"https:\/\/diabsolut.com\/fr\/politique-de-confidentialite\/#breadcrumb","itemListElement":[{"@type":"ListItem","position":1,"name":"Home","item":"https:\/\/diabsolut.com\/fr\/"},{"@type":"ListItem","position":2,"name":"Politique de confidentialit\u00e9"}]},{"@type":"WebSite","@id":"https:\/\/diabsolut.com\/#website","url":"https:\/\/diabsolut.com\/","name":"Diabsolut","description":"Salesforce, Agentforce &amp; Certinia Experts","publisher":{"@id":"https:\/\/diabsolut.com\/#organization"},"potentialAction":[{"@type":"SearchAction","target":{"@type":"EntryPoint","urlTemplate":"https:\/\/diabsolut.com\/?s={search_term_string}"},"query-input":{"@type":"PropertyValueSpecification","valueRequired":true,"valueName":"search_term_string"}}],"inLanguage":"fr-FR"},{"@type":"Organization","@id":"https:\/\/diabsolut.com\/#organization","name":"Diabsolut","url":"https:\/\/diabsolut.com\/","logo":{"@type":"ImageObject","inLanguage":"fr-FR","@id":"https:\/\/diabsolut.com\/#\/schema\/logo\/image\/","url":"https:\/\/diabsolut.com\/wp-content\/uploads\/2020\/03\/Logo-Diabsolut.png","contentUrl":"https:\/\/diabsolut.com\/wp-content\/uploads\/2020\/03\/Logo-Diabsolut.png","width":376,"height":201,"caption":"Diabsolut"},"image":{"@id":"https:\/\/diabsolut.com\/#\/schema\/logo\/image\/"},"sameAs":["https:\/\/www.facebook.com\/DiabsolutCom\/","https:\/\/x.com\/Diabsolut","https:\/\/www.linkedin.com\/company\/diabsolut\/","https:\/\/www.instagram.com\/diabsolutcom\/","https:\/\/www.youtube.com\/channel\/UCnEvBmkwDdGiXeh7f62mSHA\/featured"]}]}},"_links":{"self":[{"href":"https:\/\/diabsolut.com\/fr\/wp-json\/wp\/v2\/pages\/20125","targetHints":{"allow":["GET"]}}],"collection":[{"href":"https:\/\/diabsolut.com\/fr\/wp-json\/wp\/v2\/pages"}],"about":[{"href":"https:\/\/diabsolut.com\/fr\/wp-json\/wp\/v2\/types\/page"}],"author":[{"embeddable":true,"href":"https:\/\/diabsolut.com\/fr\/wp-json\/wp\/v2\/users\/1"}],"replies":[{"embeddable":true,"href":"https:\/\/diabsolut.com\/fr\/wp-json\/wp\/v2\/comments?post=20125"}],"version-history":[{"count":4,"href":"https:\/\/diabsolut.com\/fr\/wp-json\/wp\/v2\/pages\/20125\/revisions"}],"predecessor-version":[{"id":31689,"href":"https:\/\/diabsolut.com\/fr\/wp-json\/wp\/v2\/pages\/20125\/revisions\/31689"}],"wp:attachment":[{"href":"https:\/\/diabsolut.com\/fr\/wp-json\/wp\/v2\/media?parent=20125"}],"curies":[{"name":"wp","href":"https:\/\/api.w.org\/{rel}","templated":true}]}}